{"id":6,"date":"2019-06-27T15:30:07","date_gmt":"2019-06-27T13:30:07","guid":{"rendered":"http:\/\/gite-lherberie.com\/?page_id=6"},"modified":"2020-05-30T11:47:38","modified_gmt":"2020-05-30T09:47:38","slug":"accueil","status":"publish","type":"page","link":"https:\/\/gite-lherberie.com\/","title":{"rendered":"Accueil"},"content":{"rendered":"<div class=\"col-md-10\">\n<p>Vous \u00eates ici sur le plateau des Causses du Quercy, avec son sol calcaire, ses murets de pierres s\u00e8ches, ses ch\u00eanes et \u00e9rables, sa biodiversit\u00e9 si particuli\u00e8re. Le g\u00eete est entour\u00e9 de chemins de randonn\u00e9es p\u00e9destres et VTT.<\/p>\n<p>Le village de st Antonin est \u00e0 7km, petite cit\u00e9 m\u00e9di\u00e9vale qui offre de nombreuses activit\u00e9s culturelles et de loisirs. Vous pourrez aller au cin\u00e9ma \u00ab\u00a0art et essai\u00a0\u00bb du village, vous inscrire gratuitement le temps du s\u00e9jour \u00e0 la m\u00e9diath\u00e8que, d\u00e9couvrir les richesses patrimoniales des alentours, pratiquer l\u2019escalade, le cano\u00eb, l\u2019\u00e9quitation, aller \u00e0 la piscine municipale d\u00e9couverte sans oublier l\u2019Aveyron qui traverse le village et offre de nombreux sites de baignades.<\/p>\n<\/div>\n<div><\/div>\n","protected":false},"excerpt":{"rendered":"<p>Vous \u00eates ici sur le plateau des Causses du Quercy, avec son sol calcaire, ses murets de pierres s\u00e8ches, ses ch\u00eanes et \u00e9rables, sa biodiversit\u00e9 si particuli\u00e8re. Le g\u00eete est entour\u00e9 de chemins de randonn\u00e9es p\u00e9destres et VTT. Le village de st Antonin est \u00e0 7km, petite cit\u00e9 m\u00e9di\u00e9vale qui offre de nombreuses activit\u00e9s culturelles &hellip; <\/p>\n<p class=\"link-more\"><a href=\"https:\/\/gite-lherberie.com\/\" class=\"more-link\">Continuer la lecture<span class=\"screen-reader-text\"> de &laquo;&nbsp;Accueil&nbsp;&raquo;<\/span><\/a><\/p>\n","protected":false},"author":1,"featured_media":0,"parent":0,"menu_order":0,"comment_status":"closed","ping_status":"closed","template":"","meta":[],"_links":{"self":[{"href":"https:\/\/gite-lherberie.com\/index.php?rest_route=\/wp\/v2\/pages\/6"}],"collection":[{"href":"https:\/\/gite-lherberie.com\/index.php?rest_route=\/wp\/v2\/pages"}],"about":[{"href":"https:\/\/gite-lherberie.com\/index.php?rest_route=\/wp\/v2\/types\/page"}],"author":[{"embeddable":true,"href":"https:\/\/gite-lherberie.com\/index.php?rest_route=\/wp\/v2\/users\/1"}],"replies":[{"embeddable":true,"href":"https:\/\/gite-lherberie.com\/index.php?rest_route=%2Fwp%2Fv2%2Fcomments&post=6"}],"version-history":[{"count":15,"href":"https:\/\/gite-lherberie.com\/index.php?rest_route=\/wp\/v2\/pages\/6\/revisions"}],"predecessor-version":[{"id":143,"href":"https:\/\/gite-lherberie.com\/index.php?rest_route=\/wp\/v2\/pages\/6\/revisions\/143"}],"wp:attachment":[{"href":"https:\/\/gite-lherberie.com\/index.php?rest_route=%2Fwp%2Fv2%2Fmedia&parent=6"}],"curies":[{"name":"wp","href":"https:\/\/api.w.org\/{rel}","templated":true}]}}