{"id":145,"date":"2020-05-30T11:53:04","date_gmt":"2020-05-30T09:53:04","guid":{"rendered":"http:\/\/gite-lherberie.com\/?page_id=145"},"modified":"2020-05-30T16:01:42","modified_gmt":"2020-05-30T14:01:42","slug":"le-gite","status":"publish","type":"page","link":"https:\/\/gite-lherberie.com\/?page_id=145","title":{"rendered":"Le g\u00eete"},"content":{"rendered":"\n<div class=\"wp-block-themeisle-blocks-advanced-columns has-1-columns has-desktop-equal-layout has-tablet-equal-layout has-mobile-equal-layout has-default-gap has-vertical-unset\" id=\"wp-block-themeisle-blocks-advanced-columns-3e23ab79\"><div class=\"wp-block-themeisle-blocks-advanced-columns-overlay\"><\/div><div class=\"innerblocks-wrap\">\n<div class=\"wp-block-themeisle-blocks-advanced-column\" id=\"wp-block-themeisle-blocks-advanced-column-04f77d47\">\n<p>C\u2019est une maison typique quercynoise, enti\u00e8rement r\u00e9nov\u00e9e avec des mat\u00e9riaux bio sourc\u00e9s, naturels et le plus local possible. Ici tout a \u00e9t\u00e9 pens\u00e9 pour avoir une empreinte \u00e9cologique la plus l\u00e9g\u00e8re possible sur notre plan\u00e8te. L\u2019\u00e9lectricit\u00e9 est 100% renouvelable via le r\u00e9seau Enercoop. Pour autant nous avons \u00e9t\u00e9 vigilants \u00e0 \u00e9quiper le logement d\u2019appareils \u00e9conomes en \u00e9nergie. Des WC secs, nouvelle g\u00e9n\u00e9ration \u00e0 compostage int\u00e9gr\u00e9, participent \u00e0 une gestion raisonn\u00e9e de l\u2019eau. Les eaux us\u00e9es sont trait\u00e9es sur place par un syst\u00e8me de phyto-\u00e9puration qui se termine par un bassin o\u00f9 \u00e9voluent grenouilles et crapauds parmi les n\u00e9nuphars. L\u2019isolation de qualit\u00e9 permet de garder la maison fraiche en \u00e9t\u00e9 et de la chauffer ais\u00e9ment en hiver via un chauffage central aux granul\u00e9s de bois. Un po\u00eale \u00e0 bois est l\u00e0 pour temp\u00e9rer aux inter saisons.<\/p>\n\n\n\n<p>Vous disposez d\u2019une grande pi\u00e8ce de vie cuisine-salle \u00e0 manger-salon qui ouvre sur une petite terrasse couverte, de 2 chambres doubles et d\u2019une chambre am\u00e9nag\u00e9e avec 4 lits simples superpos\u00e9s (un canap\u00e9 double d\u2019appoint au salon permet 2 couchages suppl\u00e9mentaires). Il y a 2 salles de bains avec douches \u00e0 l\u2019italienne et un WC.<\/p>\n\n\n\n<p><a href=\"http:\/\/gite-lherberie.com\/wp-content\/uploads\/2020\/05\/FicheDescriptive.pdf\" target=\"_blank\" rel=\"noreferrer noopener\">Fiche Descriptive du Gite<\/a><\/p>\n\n\n\n<p><\/p>\n<\/div>\n<\/div><\/div>\n\n\n\n<div class=\"wp-block-nextend-smartslider3\"><\/div>\n","protected":false},"excerpt":{"rendered":"","protected":false},"author":1,"featured_media":26,"parent":0,"menu_order":0,"comment_status":"closed","ping_status":"closed","template":"","meta":[],"_links":{"self":[{"href":"https:\/\/gite-lherberie.com\/index.php?rest_route=\/wp\/v2\/pages\/145"}],"collection":[{"href":"https:\/\/gite-lherberie.com\/index.php?rest_route=\/wp\/v2\/pages"}],"about":[{"href":"https:\/\/gite-lherberie.com\/index.php?rest_route=\/wp\/v2\/types\/page"}],"author":[{"embeddable":true,"href":"https:\/\/gite-lherberie.com\/index.php?rest_route=\/wp\/v2\/users\/1"}],"replies":[{"embeddable":true,"href":"https:\/\/gite-lherberie.com\/index.php?rest_route=%2Fwp%2Fv2%2Fcomments&post=145"}],"version-history":[{"count":5,"href":"https:\/\/gite-lherberie.com\/index.php?rest_route=\/wp\/v2\/pages\/145\/revisions"}],"predecessor-version":[{"id":210,"href":"https:\/\/gite-lherberie.com\/index.php?rest_route=\/wp\/v2\/pages\/145\/revisions\/210"}],"wp:featuredmedia":[{"embeddable":true,"href":"https:\/\/gite-lherberie.com\/index.php?rest_route=\/wp\/v2\/media\/26"}],"wp:attachment":[{"href":"https:\/\/gite-lherberie.com\/index.php?rest_route=%2Fwp%2Fv2%2Fmedia&parent=145"}],"curies":[{"name":"wp","href":"https:\/\/api.w.org\/{rel}","templated":true}]}}