{"id":140,"date":"2020-05-30T11:45:13","date_gmt":"2020-05-30T09:45:13","guid":{"rendered":"http:\/\/gite-lherberie.com\/?page_id=140"},"modified":"2020-05-30T16:00:32","modified_gmt":"2020-05-30T14:00:32","slug":"notre-site","status":"publish","type":"page","link":"https:\/\/gite-lherberie.com\/?page_id=140","title":{"rendered":"Le site"},"content":{"rendered":"\n<div class=\"wp-block-themeisle-blocks-advanced-columns has-1-columns has-desktop-equal-layout has-tablet-equal-layout has-mobile-equal-layout has-default-gap has-vertical-unset\" id=\"wp-block-themeisle-blocks-advanced-columns-6b88dc98\"><div class=\"wp-block-themeisle-blocks-advanced-columns-overlay\"><\/div><div class=\"innerblocks-wrap\">\n<div class=\"wp-block-themeisle-blocks-advanced-column\" id=\"wp-block-themeisle-blocks-advanced-column-865ef08e\">\n<p>Autour de vous un terrain privatif au g\u00eete, cl\u00f4tur\u00e9 par des murets de pierres s\u00e8ches, d\u2019environ 500m2, avec salon de jardin, barbecue et cabanes pour les enfants\u2026 et tout autour un domaine d\u2019environ 3 hectares o\u00f9 vous pouvez vous promener&nbsp;: une petite for\u00eat, verger, o\u00f9 \u00e9voluent nos \u00e2nes, chats, chiens et poules. Nous sommes \u00ab&nbsp;Refuge LPO&nbsp;\u00bb et donc de multiples oiseaux nichent et vivent autour de nous, des h\u00f4tels \u00e0 insectes enrichissent la biodiversit\u00e9 et permettent de d\u00e9couvrir le monde des insectes. Je cultive sur 2 potagers qui permettent de s\u2019approvisionner en l\u00e9gumes frais de saison, sans pesticides \u00e9videmment. Je propose \u00e9galement des plats cuisin\u00e9s simples et v\u00e9g\u00e9tariens\u2026 Et n\u2019oublions pas les 2 grosses bassines en zinc o\u00f9 les enfants peuvent s\u2019\u00e9brouer lorsque le soleil tape&nbsp;!!<\/p>\n\n\n\n<p>Nous habitons \u00e0 c\u00f4t\u00e9 du g\u00eete, l\u2019intimit\u00e9 de chaque famille est pr\u00e9serv\u00e9e, et nous pouvons \u00eatre l\u00e0 pour vous guider dans la d\u00e9couverte de la r\u00e9gion et de la nature qui nous entoure.<\/p>\n<\/div>\n<\/div><\/div>\n\n\n\n<div class=\"wp-block-nextend-smartslider3\"><\/div>\n","protected":false},"excerpt":{"rendered":"","protected":false},"author":1,"featured_media":35,"parent":0,"menu_order":0,"comment_status":"closed","ping_status":"closed","template":"","meta":[],"_links":{"self":[{"href":"https:\/\/gite-lherberie.com\/index.php?rest_route=\/wp\/v2\/pages\/140"}],"collection":[{"href":"https:\/\/gite-lherberie.com\/index.php?rest_route=\/wp\/v2\/pages"}],"about":[{"href":"https:\/\/gite-lherberie.com\/index.php?rest_route=\/wp\/v2\/types\/page"}],"author":[{"embeddable":true,"href":"https:\/\/gite-lherberie.com\/index.php?rest_route=\/wp\/v2\/users\/1"}],"replies":[{"embeddable":true,"href":"https:\/\/gite-lherberie.com\/index.php?rest_route=%2Fwp%2Fv2%2Fcomments&post=140"}],"version-history":[{"count":6,"href":"https:\/\/gite-lherberie.com\/index.php?rest_route=\/wp\/v2\/pages\/140\/revisions"}],"predecessor-version":[{"id":209,"href":"https:\/\/gite-lherberie.com\/index.php?rest_route=\/wp\/v2\/pages\/140\/revisions\/209"}],"wp:featuredmedia":[{"embeddable":true,"href":"https:\/\/gite-lherberie.com\/index.php?rest_route=\/wp\/v2\/media\/35"}],"wp:attachment":[{"href":"https:\/\/gite-lherberie.com\/index.php?rest_route=%2Fwp%2Fv2%2Fmedia&parent=140"}],"curies":[{"name":"wp","href":"https:\/\/api.w.org\/{rel}","templated":true}]}}